{"id":201,"date":"2017-06-05T07:28:59","date_gmt":"2017-06-05T05:28:59","guid":{"rendered":"http:\/\/www.aux3petitsbouchons.be\/blog\/?page_id=201"},"modified":"2017-06-05T07:28:59","modified_gmt":"2017-06-05T05:28:59","slug":"mentions-legales","status":"publish","type":"page","link":"https:\/\/www.aux3petitsbouchons.be\/blog\/mentions-legales\/","title":{"rendered":"Mentions l\u00e9gales"},"content":{"rendered":"<h1>Conditions g\u00e9n\u00e9rales d\u2019utilisation du site internet www.aux3petitsbouchons.be<\/h1>\n<h2>Article 1 : G\u00e9n\u00e9ralit\u00e9s<\/h2>\n<p>L\u2019acc\u00e8s au pr\u00e9sent site internet www.aux3petitsbouchons.be et aux informations qu\u2019il contient est enti\u00e8rement soumis au respect des conditions g\u00e9n\u00e9rales reprises ci-dessous, sans pr\u00e9judice de l\u2019application de conditions particuli\u00e8res. En naviguant ou\/et utilisant ce site internet ou les informations qu\u2019il contient, l\u2019utilisateur reconnait avoir pris pleinement connaissance des pr\u00e9sentes, les avoir comprises et les avoir accept\u00e9es.<\/p>\n<p>Nos conditions g\u00e9n\u00e9rales sont consultables \u00e0 tout moment via le lien suivant : www.aux3petitsbouchons.be\/conditions-utilisation<\/p>\n<p>L\u2019utilisateur est inform\u00e9 que le pr\u00e9sent site Internet a \u00e9t\u00e9 cr\u00e9\u00e9, est g\u00e9r\u00e9 et administr\u00e9 par<\/p>\n<p>MOSSIAT PERE ET FILS SPRL<\/p>\n<p>Si\u00e8ge social : RUE DU SAUSSOIS 12 \u2013 1367 RAMILIES<\/p>\n<p>Num\u00e9ro d\u2019entreprise : 0892005664<\/p>\n<p>Num\u00e9ro de TVA : BE0892005664<\/p>\n<p>T\u00e9l : +32(0)476510673<\/p>\n<p>Email : oliviermossiat@skynet.be<\/p>\n<p>Ci-apr\u00e8s d\u00e9nomm\u00e9e www.aux3petitsbouchons.be<\/p>\n<p>L\u2019utilisation du site Internet n\u2019entraine en aucun cas la cr\u00e9ation de quelconques accords de collaboration ou de coop\u00e9ration.<\/p>\n<h2>Article 2 : Descriptions des services et contenus<\/h2>\n<p>Le site permet de commander des boxes de vin en ligne ou des bouteilles reprises au catalogue. Il fait par ailleurs office de blog relatif \u00e0 la promotion de vins et de vignerons.<\/p>\n<p>Notre site internet www.aux3petitsbouchons.be est r\u00e9guli\u00e8rement mis \u00e0 jour et le plus grand soin est apport\u00e9 \u00e0 la publication des informations qui y figurent. Les informations communiqu\u00e9es par les annonceurs le sont sous leur responsabilit\u00e9 exclusive, www.aux3petitsbouchons.be ne peut en garantir l&rsquo;exactitude, la fiabilit\u00e9, l\u2019int\u00e9grit\u00e9, l\u2019opportunit\u00e9, la pr\u00e9cision et le caract\u00e8re exhaustif. www.aux3petitsbouchons.be d\u00e9cline \u00e0 cet \u00e9gard toute responsabilit\u00e9. www.aux3petitsbouchons.be ne peut \u00e9galement \u00eatre tenu responsable de la qualit\u00e9 des produits vendus ou des prestations offertes par les annonceurs.<\/p>\n<p>www.aux3petitsbouchons.be met tout en \u0153uvre pour assurer dans la mesure du possible l\u2019acc\u00e8s \u00e0 son site Internet, sans aucune garantie de ce fait quelle qu\u2019elle soit en la mati\u00e8re. Cet acc\u00e8s peut toutefois \u00eatre interrompu, notamment pour des raisons de maintenance ou de mise \u00e0 jour, en cas de panne ou pour d\u2019autres raisons techniques.<\/p>\n<h2>Article 3 : Propri\u00e9t\u00e9 intellectuelle<\/h2>\n<p>Le pr\u00e9sent site ainsi que ses textes, dessins, photos, illustrations, films \u00e9ventuels, donn\u00e9es, bases de donn\u00e9es, logiciels, noms de domaines, logos, et tout autre \u00e9l\u00e9ment qui y figurent sont prot\u00e9g\u00e9s par les droits de propri\u00e9t\u00e9 intellectuelle. Toute copie, adaptation, traduction, arrangement et\/ou modification, en tout ou en partie, sous quelque forme et avec quelque moyen que ce soit &#8211; \u00e9lectronique, m\u00e9canique ou autre &#8211; sont strictement interdits, sauf autorisation pr\u00e9alable et \u00e9crite de www.aux3petitsbouchons.be. Toute infraction \u00e0 la pr\u00e9sente clause peut entra\u00eener des poursuites civiles, commerciales et\/ou p\u00e9nales.<\/p>\n<h2><strong>Article 4 : gestion du site<\/strong><\/h2>\n<p>www.aux3petitsbouchons.be se r\u00e9serve le droit de supprimer tout(e) profil, commentaire ou annonce qu\u2019il juge en contradiction avec les engagements repris ci-dessous.<\/p>\n<p>Ainsi, l\u2019utilisateur s\u2019engage entre autres \u00e0 :<\/p>\n<ul>\n<li>Ne pas exploiter les informations publi\u00e9es de mani\u00e8re ill\u00e9gale.<\/li>\n<li>Ne pas utiliser ce site web de telle sorte qu\u2019il soit endommag\u00e9, transform\u00e9, interrompu, arr\u00eat\u00e9 ou rendu moins efficace par quelque moyen que ce soit.<\/li>\n<li>Ne pas utiliser ce site web pour la transmission ou l\u2019envoi de virus informatiques ou pour la transmission ou l\u2019envoi de contenu ill\u00e9gal, illicite ou inappropri\u00e9 (notamment, mais pas exclusivement, d\u2019information \u00e0 caract\u00e8re obsc\u00e8ne ou nuisible \u00e0 l&rsquo;ordre public).<\/li>\n<li>Ne pas utiliser ce site web dans le but d\u2019enfreindre, de quelque mani\u00e8re que ce soit, les droits d\u2019une personne physique, morale ou d&rsquo;une association tels que &#8211; entre autres mais non exclusivement &#8211; le droit \u00e0 la vie priv\u00e9e et \u00e0 la propri\u00e9t\u00e9 intellectuelle.<\/li>\n<li>Ne pas utiliser le site web pour l\u2019envoi ou la transmission de contenu \u00e0 des fins promotionnelles ou publicitaires sans avoir pr\u00e9alablement demand\u00e9 une autorisation \u00e0 www.aux3petitsbouchons.be<\/li>\n<\/ul>\n<p>www.aux3petitsbouchons.be n\u2019est pas responsable d\u2019une \u00e9ventuelle propagation de virus dans le cas o\u00f9, en d\u00e9pit des mesures de pr\u00e9caution prises, celle-ci devait survenir, et d\u00e9cline toute responsabilit\u00e9 pour les d\u00e9g\u00e2ts que ces virus occasionneraient.<\/p>\n<h2>Article 5 : Newsletter<\/h2>\n<p>En remplissant les champs destin\u00e9s \u00e0 la r\u00e9ception de la \u00ab Newsletter \u00bb, vous vous engagez \u00e0 recevoir, sur l\u2019adresse mail communiqu\u00e9e, \u00e0 intervalles r\u00e9guliers, des informations de la part de www.aux3petitsbouchons.be. A tout moment, une d\u00e9sinscription \u00e0 la Newsletter est possible en cliquant sur le bouton \u00ab se d\u00e9sinscrire \u00bb pr\u00e9vu en bas de la page de chaque Newsletter.<\/p>\n<h2>Article 6 : Utilisation de cookies<\/h2>\n<p>Un cookie est un petit fichier texte sauvegard\u00e9 sur votre ordinateur, votre tablette ou votre mobile et qui permet d\u2019enregistrer et de suivre des donn\u00e9es concernant votre utilisation du site Internet et vos pr\u00e9f\u00e9rences. Notre site utilise des cookies afin de vous identifier ou \u00e0 des fins statistiques par exemple. Les cookies sont g\u00e9r\u00e9s par votre navigateur internet. Aucun d&rsquo;entre eux n\u2019enregistre de donn\u00e9es personnelles susceptibles de permettre de vous contacter par t\u00e9l\u00e9phone, e-mail ou courrier. Il vous est possible de modifier les r\u00e9glages de votre browser pour emp\u00eacher leur cr\u00e9ation, mais il est alors possible que certaines parties du site ne fonctionnent plus correctement ou ne soient plus accessibles.<\/p>\n<h2>Article : 7. Liens hypertextes<\/h2>\n<p>Le site de www.aux3petitsbouchons.be peut renvoyer, \u00e0 titre strictement indicatif, vers d&rsquo;autres sites, au travers de liens hypertextes. Il est vivement conseill\u00e9, lors de la consultation de ces sites, de prendre connaissance de leur politique en mati\u00e8re de respect de la vie priv\u00e9e. www.aux3petitsbouchons.be d\u00e9cline toute responsabilit\u00e9 quant aux pratiques et aux informations des sites web auxquels l\u2019utilisateur peut avoir acc\u00e8s par l\u2019usage d&rsquo;\u00e9ventuels liens hypertextes figurant sur son propre site.<\/p>\n<h2>Article 8 : Protection de la vie priv\u00e9e<\/h2>\n<p>Les donn\u00e9es personnelles des utilisateurs, recueillies par l\u2019interm\u00e9diaire du site internet, sont conserv\u00e9es et trait\u00e9es par www.aux3petitsbouchons.be uniquement \u00e0 des fins statistiques.<\/p>\n<p>Conform\u00e9ment \u00e0 la loi du 8 d\u00e9cembre 1992 relative \u00e0 la protection de la vie priv\u00e9e \u00e0 l&rsquo;\u00e9gard des traitements de donn\u00e9es \u00e0 caract\u00e8re personne, l\u2019utilisateur dispose d\u2019un droit d\u2019acc\u00e8s, de rectification ou de suppression des donn\u00e9es personnelles le concernant conserv\u00e9es par www.aux3petitsbouchons.be. Pareilles demandes devront \u00eatre adress\u00e9es soit \u00e0 l\u2019adresse \u00e9lectronique suivante <a href=\"mailto:oliviermossiat@skynet.be\">oliviermossiat@skynet.be<\/a> ou par courrier postal \u00e0 l\u2019adresse suivante RUE DU SAUSSOIS 12 \u2013 1367 RAMILIES<\/p>\n<h2>Article 9 : Modifications et clause salvatrice<\/h2>\n<p>Les pr\u00e9sentes conditions g\u00e9n\u00e9rales sont modifiables \u00e0 tout moment. L\u2019utilisateur est invit\u00e9 \u00e0 en prendre connaissance r\u00e9guli\u00e8rement.<\/p>\n<p>L\u2019invalidit\u00e9, la non-applicabilit\u00e9 ou l&rsquo;ill\u00e9galit\u00e9 d&rsquo;une des clauses pr\u00e9vues dans l\u2019un des contrats convenus entre parties (conditions sp\u00e9cifiques et g\u00e9n\u00e9rales ou autres conventions), n\u2019entra\u00eene aucunement l\u2019invalidit\u00e9 ou la nullit\u00e9 des autres dispositions au contrat. L\u2019ensemble des clauses reste int\u00e9gralement valable.<\/p>\n<h2>Article 10 : Droit applicable<\/h2>\n<p>Les pr\u00e9sentes conditions g\u00e9n\u00e9rales d&rsquo;utilisation ainsi que l\u2019utilisation du site sont r\u00e9gies par la loi Belge, en langue fran\u00e7aise. Seules les juridictions de l\u2019arrondissement du si\u00e8ge social de www.aux3petitsbouchons.be sont comp\u00e9tentes pour conna\u00eetre de tout litige \u00e9manant de, relatif \u00e0 ou concernant les pr\u00e9sentes conditions g\u00e9n\u00e9rales d&rsquo;utilisation.<\/p>\n<p>Les parties acceptent, dans le cadre de leurs relations, les moyens de preuve \u00e9lectroniques (\u00e0 titre exemplatif : l&#8217;email, les backups informatiques, &#8230;).<\/p>\n<p>Si vous n\u2019\u00eates pas d\u2019accord avec le pr\u00e9sent contenu, le seul recours possible est de ne pas utiliser le pr\u00e9sent site Internet.<\/p>\n<div id=\"themify_builder_content-201\" data-postid=\"201\" class=\"themify_builder_content themify_builder_content-201 themify_builder themify_builder_front\">\n\n\t<\/div>\n<!-- \/themify_builder_content -->","protected":false},"excerpt":{"rendered":"<p>Conditions g\u00e9n\u00e9rales d\u2019utilisation du site internet www.aux3petitsbouchons.be Article 1 : G\u00e9n\u00e9ralit\u00e9s L\u2019acc\u00e8s au pr\u00e9sent site internet www.aux3petitsbouchons.be et aux informations qu\u2019il contient est enti\u00e8rement soumis au respect des conditions g\u00e9n\u00e9rales reprises ci-dessous, sans pr\u00e9judice de l\u2019application de conditions particuli\u00e8res. En naviguant ou\/et utilisant ce site internet ou les informations qu\u2019il contient, l\u2019utilisateur reconnait avoir pris [&hellip;]<\/p>\n","protected":false},"author":1,"featured_media":0,"parent":0,"menu_order":0,"comment_status":"closed","ping_status":"closed","template":"","meta":{"footnotes":""},"class_list":["post-201","page","type-page","status-publish","hentry","has-post-title","no-post-date","has-post-category","has-post-tag","has-post-comment","has-post-author",""],"_links":{"self":[{"href":"https:\/\/www.aux3petitsbouchons.be\/blog\/wp-json\/wp\/v2\/pages\/201","targetHints":{"allow":["GET"]}}],"collection":[{"href":"https:\/\/www.aux3petitsbouchons.be\/blog\/wp-json\/wp\/v2\/pages"}],"about":[{"href":"https:\/\/www.aux3petitsbouchons.be\/blog\/wp-json\/wp\/v2\/types\/page"}],"author":[{"embeddable":true,"href":"https:\/\/www.aux3petitsbouchons.be\/blog\/wp-json\/wp\/v2\/users\/1"}],"replies":[{"embeddable":true,"href":"https:\/\/www.aux3petitsbouchons.be\/blog\/wp-json\/wp\/v2\/comments?post=201"}],"version-history":[{"count":1,"href":"https:\/\/www.aux3petitsbouchons.be\/blog\/wp-json\/wp\/v2\/pages\/201\/revisions"}],"predecessor-version":[{"id":202,"href":"https:\/\/www.aux3petitsbouchons.be\/blog\/wp-json\/wp\/v2\/pages\/201\/revisions\/202"}],"wp:attachment":[{"href":"https:\/\/www.aux3petitsbouchons.be\/blog\/wp-json\/wp\/v2\/media?parent=201"}],"curies":[{"name":"wp","href":"https:\/\/api.w.org\/{rel}","templated":true}]}}