{"id":227,"date":"2017-06-05T11:44:03","date_gmt":"2017-06-05T09:44:03","guid":{"rendered":"http:\/\/www.aux3petitsbouchons.be\/blog\/?page_id=227"},"modified":"2025-06-10T08:13:43","modified_gmt":"2025-06-10T06:13:43","slug":"le-blog-des-bouchons","status":"publish","type":"page","link":"https:\/\/www.aux3petitsbouchons.be\/blog\/le-blog-des-bouchons\/","title":{"rendered":"Le Blog des Bouchons"},"content":{"rendered":"<p>Suivez l&rsquo;actualit\u00e9 du vin, des vignerons, d\u00e9couvrez nos conseils en mati\u00e8re de choix, d\u00e9gustation, conservation de vins et envoyez nous vos id\u00e9es et vos questions.<\/p>\n<div id=\"themify_builder_content-227\" data-postid=\"227\" class=\"themify_builder_content themify_builder_content-227 themify_builder themify_builder_front\">\n\n\t\t\t\t<!-- module_row -->\n\t\t\t<div  data-gutter=\"gutter-default\" class=\"themify_builder_row themify_builder_227_row module_row module_row_0 module_row_227-0 clearfix gutter-default\" data-column-alignment=\"\" data-desktop_dir=\"ltr\" data-tablet_dir=\"ltr\" data-mobile_dir=\"ltr\">\n\n\t\t\n\t\t\t\t\n\t\t\t\t<div class=\"row_inner_wrapper\">\n\t\t\t\t\t<div class=\"row_inner gutter-default tablet-col-direction-ltr desktop-col-direction-ltr mobile-col-direction-ltr\">\n\n\t\t\t\t\t\t\n\t\t\t\t\t\t\n\t\t\t\t\t\t\t\n\t\t<div  class=\"col-full first tb-column  module_column tb_227_column module_column_0 module_column_227-0-0\" >\n\n\t\t\t\n\t\t\t\n\t\t\t<div class=\"tb-column-inner\">\n\n\t\t\t\t\n\t\t\t\t\n\t\t\t\t\t\n<!-- module text -->\n<div id=\"text-227-0-0-0\" class=\"module module-text text-227-0-0-0   \">\n\t\n\t\n\t<h2>Actualit\u00e9 des tomates de Rosi\u00e8res<\/h2>\n\t<\/div>\n<!-- \/module text -->\n\n    <!-- module post -->\n    <div id=\"post-227-0-0-1\" class=\"module module-post post-227-0-0-1 \">\n        \n                <div class=\"builder-posts-wrap clearfix loops-wrapper grid4 gutter masonry\">\n            \n\n<article id=\"post-811\" class=\"post clearfix post-811 type-post status-publish format-standard has-post-thumbnail hentry category-non-classe has-post-title no-post-date has-post-category has-post-tag has-post-comment has-post-author   cat-1 wow zoomIn\">\n\t\n            <a href=\"https:\/\/www.aux3petitsbouchons.be\/blog\/les-tomates-de-grand-rosiere\/\" data-post-permalink=\"yes\" style=\"display: none;\"><\/a>\n    \n\t\n\t\n\t\n\t\t\n\t\t\t<figure class=\"post-image  clearfix\">\n\n\t\t\t\t\t\t\t\t\t<a href=\"https:\/\/www.aux3petitsbouchons.be\/blog\/les-tomates-de-grand-rosiere\/\"><img loading=\"lazy\" decoding=\"async\" width=\"250\" height=\"168\" src=\"https:\/\/www.aux3petitsbouchons.be\/blog\/wp-content\/uploads\/2022\/06\/etiquette-tomate.jpg\" class=\" wp-post-image wp-image-815\" alt=\"etiquette-tomate\" srcset=\"https:\/\/www.aux3petitsbouchons.be\/blog\/wp-content\/uploads\/2022\/06\/etiquette-tomate.jpg 250w, https:\/\/www.aux3petitsbouchons.be\/blog\/wp-content\/uploads\/2022\/06\/etiquette-tomate-500x336.jpg 500w\" sizes=\"auto, (max-width: 250px) 100vw, 250px\" \/><\/a>\n\t\t\t\t\n\t\t\t<\/figure>\n\n\t\t\n\t\n\t\n\t<div class=\"post-content\">\n\t\t<div class=\"post-content-inner\">\n\n\t\t\t\n\t\t\t\t\t\t\t <h2 class=\"post-title entry-title\"><a href=\"https:\/\/www.aux3petitsbouchons.be\/blog\/les-tomates-de-grand-rosiere\/\">Les tomates de Grand-Rosi\u00e8re<\/a> <\/h2>\t\t\t\n\t\t\t\n\t\t\t\n\t\t\t<div class=\"entry-content\">\n\n\t\t\t\t\n\t\t\t\t\t<p>La recette des tomates de Grand Rosi\u00e8re 100% bio en permaculture : engrais organique, paillage, taille r\u00e9guli\u00e8re et a\u00e9ration permanente. <\/p>\n\n\t\t\t\t\t\n\t\t\t\t\n\t\t\t<\/div><!-- \/.entry-content -->\n\n\t\t\t\n\t\t<\/div>\n\t\t<!-- \/.post-content-inner -->\n\t<\/div>\n\t<!-- \/.post-content -->\n\t\n<\/article>\n<!-- \/.post -->\n        <\/div><!-- .builder-posts-wrap -->\n                                       <\/div>\n    <!-- \/module post -->\n    \n\n\t\t\t\t\n\t\t\t<\/div><!-- \/.tb-column-inner -->\n\t\t\t\t\t<\/div>\n\t\t<!-- \/.tb-column -->\n\t\t\n\t\t\n\t\t\t\t\t\t\t\t\n\t\t\t\t\t\t\t\t\n\t\t\t\t\t\t\t\n\t\t\t\t\t\t<\/div>\n\t\t\t\t\t\t<!-- \/row_inner -->\n\t\t\t\t\t<\/div>\n\t\t\t\t\t<!-- \/row_inner_wrapper -->\n\t\t\t\t<\/div>\n\t\t\t\t<!-- \/module_row -->\n\t\t<\/div>\n<!-- \/themify_builder_content -->","protected":false},"excerpt":{"rendered":"<p>Suivez l&rsquo;actualit\u00e9 du vin, des vignerons, d\u00e9couvrez nos conseils en mati\u00e8re de choix, d\u00e9gustation, conservation de vins et envoyez nous vos id\u00e9es et vos questions.<\/p>\n","protected":false},"author":1,"featured_media":0,"parent":0,"menu_order":0,"comment_status":"closed","ping_status":"closed","template":"","meta":{"footnotes":""},"class_list":["post-227","page","type-page","status-publish","hentry","has-post-title","no-post-date","has-post-category","has-post-tag","has-post-comment","has-post-author",""],"_links":{"self":[{"href":"https:\/\/www.aux3petitsbouchons.be\/blog\/wp-json\/wp\/v2\/pages\/227","targetHints":{"allow":["GET"]}}],"collection":[{"href":"https:\/\/www.aux3petitsbouchons.be\/blog\/wp-json\/wp\/v2\/pages"}],"about":[{"href":"https:\/\/www.aux3petitsbouchons.be\/blog\/wp-json\/wp\/v2\/types\/page"}],"author":[{"embeddable":true,"href":"https:\/\/www.aux3petitsbouchons.be\/blog\/wp-json\/wp\/v2\/users\/1"}],"replies":[{"embeddable":true,"href":"https:\/\/www.aux3petitsbouchons.be\/blog\/wp-json\/wp\/v2\/comments?post=227"}],"version-history":[{"count":2,"href":"https:\/\/www.aux3petitsbouchons.be\/blog\/wp-json\/wp\/v2\/pages\/227\/revisions"}],"predecessor-version":[{"id":275,"href":"https:\/\/www.aux3petitsbouchons.be\/blog\/wp-json\/wp\/v2\/pages\/227\/revisions\/275"}],"wp:attachment":[{"href":"https:\/\/www.aux3petitsbouchons.be\/blog\/wp-json\/wp\/v2\/media?parent=227"}],"curies":[{"name":"wp","href":"https:\/\/api.w.org\/{rel}","templated":true}]}}