{"id":30,"date":"2017-05-15T22:42:48","date_gmt":"2017-05-15T20:42:48","guid":{"rendered":"http:\/\/www.aux3petitsbouchons.be\/blog\/?page_id=30"},"modified":"2025-06-10T08:12:57","modified_gmt":"2025-06-10T06:12:57","slug":"accueil","status":"publish","type":"page","link":"https:\/\/www.aux3petitsbouchons.be\/blog\/","title":{"rendered":"Accueil"},"content":{"rendered":"<div id=\"themify_builder_content-30\" data-postid=\"30\" class=\"themify_builder_content themify_builder_content-30 themify_builder themify_builder_front\">\n\n\t\t\t\t<!-- module_row -->\n\t\t\t<div  data-gutter=\"gutter-default\" class=\"themify_builder_row themify_builder_30_row module_row module_row_0 module_row_30-0 clearfix gutter-default fullcover fullwidth_row_container\" data-column-alignment=\"\" data-desktop_dir=\"ltr\" data-tablet_dir=\"ltr\" data-mobile_dir=\"ltr\">\n\n\t\t\n\t\t\t\t\n\t\t\t\t<div class=\"row_inner_wrapper\">\n\t\t\t\t\t<div class=\"row_inner gutter-default tablet-col-direction-ltr desktop-col-direction-ltr mobile-col-direction-ltr\">\n\n\t\t\t\t\t\t\n\t\t\t\t\t\t\n\t\t\t\t\t\t\t\n\t\t<div  class=\"col-full first tb-column  module_column tb_30_column module_column_0 module_column_30-0-0 fullcover\" >\n\n\t\t\t\n\t\t\t\n\t\t\t<div class=\"tb-column-inner\">\n\n\t\t\t\t\n\t\t\t\t\n\t\t\t\t\t\t\t<div class=\"themify_builder_sub_row clearfix module_subrow sub_row_0-0-0 col_align_middle\"  >\n\t\t\t\t\n\t\t\t\t<div class=\"sub_row_inner_wrapper gutter-default tablet-col-direction-ltr desktop-col-direction-ltr mobile-col-direction-rtl\">\n\t\t\n\t\t\t\t<div  class=\"col3-1 first sub_column module_column sub_column_0-0-0-0 sub_column_post_30\" >\n\n\t\t<div class=\"tb-column-inner\">\n\t\t\n\t\t\t\t\t\n\t\t\t\t\t<\/div>\n\t\t<\/div><!-- \/sub_column -->\t\t<div  class=\"col3-2 last sub_column module_column sub_column_0-0-0-1 sub_column_post_30\" >\n\n\t\t<div class=\"tb-column-inner\">\n\t\t\n\t\t\t\t\t\n<!-- module text -->\n<div id=\"text-30-sub_row_0-0-0-1-0\" class=\"module module-text text-30-sub_row_0-0-0-1-0   \">\n\t\n\t\n\t<h3>Aux 3 Petits Bouchons<\/h3><p>Faites vous plaisir avec nos tomates 100% locales et bio !<\/p>\n\t<\/div>\n<!-- \/module text -->\n\n    <!-- module buttons -->\n    <div  id=\"buttons-30-sub_row_0-0-0-1-1\" class=\"module module-buttons buttons-30-sub_row_0-0-0-1-1  \">\n\n        \n        \n        <div class=\"module-buttons normal\">\n                            <div class=\"module-buttons-item outline\">\n                                            <a class=\"ui builder_button default\"  href=\"https:\/\/www.aux3petitsbouchons.be\/blog\/les-tomates-de-grand-rosiere\/\">                                                                        <i class=\"ti-bag\"><\/i>\n                                                <span>Nos tomates locales<\/span>\n                                            <\/a>\n                                    <\/div>\n                            <div class=\"module-buttons-item outline\">\n                                                                    <span><\/span>\n                                    <\/div>\n                            <div class=\"module-buttons-item outline\">\n                                                                    <span><\/span>\n                                    <\/div>\n                    <\/div>\n\n        \n    <\/div>\n    <!-- \/module buttons -->\n\n\n<!-- module text -->\n<div id=\"text-30-sub_row_0-0-0-1-2\" class=\"module module-text text-30-sub_row_0-0-0-1-2    hide-desktop hide-tablet hide-mobile\">\n\t\n\t\n\t<h3>Tomates de Grand Rosi\u00e8re 100% Bio et locales<\/h3><p>Les Tomates propos\u00e9es sont cultiv\u00e9es par passion et dans une philosophie de permaculture.<\/p><p>Engrais organique, paillage, taille r\u00e9guli\u00e8re et a\u00e9ration permanente sont la recette d\u2019une r\u00e9colte saine.<\/p><p>La d\u00e9marche est de produire un fruit local, de saison et ce dans le respect de la nature.<\/p>\n\t<\/div>\n<!-- \/module text -->\n\n\t\t\t\t\t<\/div>\n\t\t<\/div><!-- \/sub_column --><\/div><\/div><!-- \/themify_builder_sub_row -->\n\t\t\t\t\n\t\t\t<\/div><!-- \/.tb-column-inner -->\n\t\t\t\t\t<\/div>\n\t\t<!-- \/.tb-column -->\n\t\t\n\t\t\n\t\t\t\t\t\t\t\t\n\t\t\t\t\t\t\t\t\n\t\t\t\t\t\t\t\n\t\t\t\t\t\t<\/div>\n\t\t\t\t\t\t<!-- \/row_inner -->\n\t\t\t\t\t<\/div>\n\t\t\t\t\t<!-- \/row_inner_wrapper -->\n\t\t\t\t<\/div>\n\t\t\t\t<!-- \/module_row -->\n\t\t\t\t\t<!-- module_row -->\n\t\t\t<div  data-gutter=\"gutter-default\" class=\"themify_builder_row themify_builder_30_row module_row module_row_1 module_row_30-1 clearfix gutter-default\" data-column-alignment=\"\" data-desktop_dir=\"ltr\" data-tablet_dir=\"ltr\" data-mobile_dir=\"ltr\">\n\n\t\t\n\t\t\t\t\n\t\t\t\t<div class=\"row_inner_wrapper\">\n\t\t\t\t\t<div class=\"row_inner gutter-default tablet-col-direction-ltr desktop-col-direction-ltr mobile-col-direction-ltr\">\n\n\t\t\t\t\t\t\n\t\t\t\t\t\t\n\t\t\t\t\t\t\t\n\t\t<div  class=\"col-full first tb-column  module_column tb_30_column module_column_0 module_column_30-1-0\" >\n\n\t\t\t\n\t\t\t\n\t\t\t<div class=\"tb-column-inner\">\n\n\t\t\t\t\n\t\t\t\t\n\t\t\t\t\t\n<!-- module text -->\n<div id=\"text-30-1-0-0\" class=\"module module-text text-30-1-0-0   wow zoomIn\">\n\t\n\t\n\t<h2 style=\"text-align: center;\">Nos t\u00eates d&rsquo;affiche<\/h2>\n\t<\/div>\n<!-- \/module text -->\n\n\t\t\t\t\n\t\t\t<\/div><!-- \/.tb-column-inner -->\n\t\t\t\t\t<\/div>\n\t\t<!-- \/.tb-column -->\n\t\t\n\t\t\n\t\t\t\t\t\t\t\t\n\t\t\t\t\t\t\t\t\n\t\t\t\t\t\t\t\n\t\t\t\t\t\t<\/div>\n\t\t\t\t\t\t<!-- \/row_inner -->\n\t\t\t\t\t<\/div>\n\t\t\t\t\t<!-- \/row_inner_wrapper -->\n\t\t\t\t<\/div>\n\t\t\t\t<!-- \/module_row -->\n\t\t\t\t\t<!-- module_row -->\n\t\t\t<div  data-gutter=\"gutter-default\" class=\"themify_builder_row themify_builder_30_row module_row module_row_2 module_row_30-2 clearfix gutter-default wow slideInLeft\" data-column-alignment=\"\" data-desktop_dir=\"ltr\" data-tablet_dir=\"ltr\" data-mobile_dir=\"ltr\">\n\n\t\t\n\t\t\t\t\n\t\t\t\t<div class=\"row_inner_wrapper\">\n\t\t\t\t\t<div class=\"row_inner gutter-default tablet-col-direction-ltr desktop-col-direction-ltr mobile-col-direction-ltr\">\n\n\t\t\t\t\t\t\n\t\t\t\t\t\t\n\t\t\t\t\t\t\t\n\t\t<div  class=\"col4-2 first tb-column  module_column tb_30_column module_column_0 module_column_30-2-0\" >\n\n\t\t\t\n\t\t\t\n\t\t\t<div class=\"tb-column-inner\">\n\n\t\t\t\t\n\t\t\t\t\n\t\t\t\t\t\n<!-- module text -->\n<div id=\"text-30-2-0-0\" class=\"module module-text text-30-2-0-0   \">\n\t\n\t\n\t<h3>Tomates de Grand Rosi\u00e8re 100% Bio et locales<\/h3><p>Les Tomates propos\u00e9es sont cultiv\u00e9es par passion et dans une philosophie de permaculture.<\/p><p>Engrais organique, paillage, taille r\u00e9guli\u00e8re et a\u00e9ration permanente sont la recette d\u2019une r\u00e9colte saine.<\/p><p>La d\u00e9marche est de produire un fruit local, de saison et ce dans le respect de la nature.<\/p>\n\t<\/div>\n<!-- \/module text -->\n\n    <!-- module buttons -->\n    <div  id=\"buttons-30-2-0-1\" class=\"module module-buttons buttons-30-2-0-1  \">\n\n        \n        \n        <div class=\"module-buttons normal\">\n                            <div class=\"module-buttons-item rounded\">\n                                            <a class=\"ui builder_button default\"  href=\"https:\/\/www.aux3petitsbouchons.be\/blog\/les-tomates-de-grand-rosiere\/\">                                                                        <i class=\"ti-bag\"><\/i>\n                                                <span>D\u00e9couvrez les tomates de Grand Rosi\u00e8re<\/span>\n                                            <\/a>\n                                    <\/div>\n                    <\/div>\n\n        \n    <\/div>\n    <!-- \/module buttons -->\n\n\n\t\t\t\t\n\t\t\t<\/div><!-- \/.tb-column-inner -->\n\t\t\t\t\t<\/div>\n\t\t<!-- \/.tb-column -->\n\t\t\n\t\t\n\t\t<div  class=\"col4-2 last tb-column  module_column tb_30_column module_column_1 module_column_30-2-1\" >\n\n\t\t\t\n\t\t\t\n\t\t\t<div class=\"tb-column-inner\">\n\n\t\t\t\t\n\t\t\t\t\n\t\t\t\t\t\n\t<!-- module image -->\n\t<div id=\"image-30-2-1-0\" class=\"module module-image image-30-2-1-0  image-top  \">\n\t\t\n\t\t\t\n\t\t\t\n\t\t\t<div class=\"image-wrap\">\n\t\t\t\t\t\t\t\t\t<img decoding=\"async\" src=\"https:\/\/www.aux3petitsbouchons.be\/blog\/wp-content\/uploads\/2022\/06\/etiquette-tomate-500x336.jpg\" width=\"500\" class=\" wp-post-image wp-image-815\" alt=\"etiquette-tomate\" srcset=\"https:\/\/www.aux3petitsbouchons.be\/blog\/wp-content\/uploads\/2022\/06\/etiquette-tomate-500x336.jpg 500w, https:\/\/www.aux3petitsbouchons.be\/blog\/wp-content\/uploads\/2022\/06\/etiquette-tomate.jpg 250w\" sizes=\"(max-width: 500px) 100vw, 500px\" \/>\t\t\t\t\n\t\t\t\t\t\t\t\t<\/div>\n\t\t\t\t<!-- \/image-wrap -->\n\t\t\t\n\t\t\t\n\t\t\t\n\t\t\n\t\t<\/div>\n\t<!-- \/module image -->\n\n\n\t\t\t\t\n\t\t\t<\/div><!-- \/.tb-column-inner -->\n\t\t\t\t\t<\/div>\n\t\t<!-- \/.tb-column -->\n\t\t\n\t\t\n\t\t\t\t\t\t\t\t\n\t\t\t\t\t\t\t\t\n\t\t\t\t\t\t\t\n\t\t\t\t\t\t<\/div>\n\t\t\t\t\t\t<!-- \/row_inner -->\n\t\t\t\t\t<\/div>\n\t\t\t\t\t<!-- \/row_inner_wrapper -->\n\t\t\t\t<\/div>\n\t\t\t\t<!-- \/module_row -->\n\t\t\t\t\t<!-- module_row -->\n\t\t\t<div  data-gutter=\"gutter-default\" class=\"themify_builder_row themify_builder_30_row module_row module_row_3 module_row_30-3 clearfix gutter-default hide-desktop hide-tablet hide-mobile\" data-column-alignment=\"\" data-desktop_dir=\"ltr\" data-tablet_dir=\"ltr\" data-mobile_dir=\"ltr\">\n\n\t\t\n\t\t\t\t\n\t\t\t\t<div class=\"row_inner_wrapper\">\n\t\t\t\t\t<div class=\"row_inner gutter-default tablet-col-direction-ltr desktop-col-direction-ltr mobile-col-direction-ltr\">\n\n\t\t\t\t\t\t\n\t\t\t\t\t\t\n\t\t\t\t\t\t\t\n\t\t<div  class=\"col-full first tb-column  module_column tb_30_column module_column_0 module_column_30-3-0\" >\n\n\t\t\t\n\t\t\t\n\t\t\t<div class=\"tb-column-inner\">\n\n\t\t\t\t\n\t\t\t\t\n\t\t\t\t\t\n<!-- module text -->\n<div id=\"text-30-3-0-0\" class=\"module module-text text-30-3-0-0   wow zoomIn\">\n\t\n\t\n\t<h2 style=\"text-align: center;\">Nos actions sp\u00e9ciales<\/h2>\n\t<\/div>\n<!-- \/module text -->\n\n\t\t\t\t\n\t\t\t<\/div><!-- \/.tb-column-inner -->\n\t\t\t\t\t<\/div>\n\t\t<!-- \/.tb-column -->\n\t\t\n\t\t\n\t\t\t\t\t\t\t\t\n\t\t\t\t\t\t\t\t\n\t\t\t\t\t\t\t\n\t\t\t\t\t\t<\/div>\n\t\t\t\t\t\t<!-- \/row_inner -->\n\t\t\t\t\t<\/div>\n\t\t\t\t\t<!-- \/row_inner_wrapper -->\n\t\t\t\t<\/div>\n\t\t\t\t<!-- \/module_row -->\n\t\t\t\t\t<!-- module_row -->\n\t\t\t<div  data-gutter=\"gutter-default\" class=\"themify_builder_row themify_builder_30_row module_row module_row_4 module_row_30-4 clearfix gutter-default\" data-column-alignment=\"\" data-desktop_dir=\"ltr\" data-tablet_dir=\"ltr\" data-mobile_dir=\"ltr\">\n\n\t\t\n\t\t\t\t\n\t\t\t\t<div class=\"row_inner_wrapper\">\n\t\t\t\t\t<div class=\"row_inner gutter-default tablet-col-direction-ltr desktop-col-direction-ltr mobile-col-direction-ltr\">\n\n\t\t\t\t\t\t\n\t\t\t\t\t\t\n\t\t\t\t\t\t\t\n\t\t<div  class=\"col-full first tb-column  module_column tb_30_column module_column_0 module_column_30-4-0\" >\n\n\t\t\t\n\t\t\t\n\t\t\t<div class=\"tb-column-inner\">\n\n\t\t\t\t\n\t\t\t\t\n\t\t\t\t\t\n<!-- module text -->\n<div id=\"text-30-4-0-0\" class=\"module module-text text-30-4-0-0   wow zoomIn\">\n\t\n\t\n\t<h2 style=\"text-align: center;\">Les derni\u00e8res actualit\u00e9s du site aux 3 petits bouchons<\/h2>\n\t<\/div>\n<!-- \/module text -->\n\n    <!-- module post -->\n    <div id=\"post-30-4-0-1\" class=\"module module-post post-30-4-0-1 \">\n        \n                <div class=\"builder-posts-wrap clearfix loops-wrapper grid4 gutter masonry\">\n            \n\n<article id=\"post-811\" class=\"post clearfix post-811 type-post status-publish format-standard has-post-thumbnail hentry category-non-classe has-post-title no-post-date has-post-category has-post-tag has-post-comment has-post-author   cat-1 wow zoomIn\">\n\t\n            <a href=\"https:\/\/www.aux3petitsbouchons.be\/blog\/les-tomates-de-grand-rosiere\/\" data-post-permalink=\"yes\" style=\"display: none;\"><\/a>\n    \n\t\n\t\n\t\n\t\t\n\t\t\t<figure class=\"post-image  clearfix\">\n\n\t\t\t\t\t\t\t\t\t<a href=\"https:\/\/www.aux3petitsbouchons.be\/blog\/les-tomates-de-grand-rosiere\/\"><img loading=\"lazy\" decoding=\"async\" width=\"250\" height=\"168\" src=\"https:\/\/www.aux3petitsbouchons.be\/blog\/wp-content\/uploads\/2022\/06\/etiquette-tomate.jpg\" class=\" wp-post-image wp-image-815\" alt=\"etiquette-tomate\" srcset=\"https:\/\/www.aux3petitsbouchons.be\/blog\/wp-content\/uploads\/2022\/06\/etiquette-tomate.jpg 250w, https:\/\/www.aux3petitsbouchons.be\/blog\/wp-content\/uploads\/2022\/06\/etiquette-tomate-500x336.jpg 500w\" sizes=\"auto, (max-width: 250px) 100vw, 250px\" \/><\/a>\n\t\t\t\t\n\t\t\t<\/figure>\n\n\t\t\n\t\n\t\n\t<div class=\"post-content\">\n\t\t<div class=\"post-content-inner\">\n\n\t\t\t\n\t\t\t\t\t\t\t <h2 class=\"post-title entry-title\"><a href=\"https:\/\/www.aux3petitsbouchons.be\/blog\/les-tomates-de-grand-rosiere\/\">Les tomates de Grand-Rosi\u00e8re<\/a> <\/h2>\t\t\t\n\t\t\t\n\t\t\t\n\t\t\t<div class=\"entry-content\">\n\n\t\t\t\t\n\t\t\t\t\t<p>La recette des tomates de Grand Rosi\u00e8re 100% bio en permaculture : engrais organique, paillage, taille r\u00e9guli\u00e8re et a\u00e9ration permanente. <\/p>\n\n\t\t\t\t\t\n\t\t\t\t\n\t\t\t<\/div><!-- \/.entry-content -->\n\n\t\t\t\n\t\t<\/div>\n\t\t<!-- \/.post-content-inner -->\n\t<\/div>\n\t<!-- \/.post-content -->\n\t\n<\/article>\n<!-- \/.post -->\n        <\/div><!-- .builder-posts-wrap -->\n                    <\/div>\n    <!-- \/module post -->\n    \n\n\t\t\t\t\n\t\t\t<\/div><!-- \/.tb-column-inner -->\n\t\t\t\t\t<\/div>\n\t\t<!-- \/.tb-column -->\n\t\t\n\t\t\n\t\t\t\t\t\t\t\t\n\t\t\t\t\t\t\t\t\n\t\t\t\t\t\t\t\n\t\t\t\t\t\t<\/div>\n\t\t\t\t\t\t<!-- \/row_inner -->\n\t\t\t\t\t<\/div>\n\t\t\t\t\t<!-- \/row_inner_wrapper -->\n\t\t\t\t<\/div>\n\t\t\t\t<!-- \/module_row -->\n\t\t<\/div>\n<!-- \/themify_builder_content -->","protected":false},"excerpt":{"rendered":"<p>Aux 3 Petits BouchonsFaites vous plaisir avec nos tomates 100% locales et bio !<\/p>\n","protected":false},"author":1,"featured_media":0,"parent":0,"menu_order":0,"comment_status":"closed","ping_status":"closed","template":"","meta":{"footnotes":""},"class_list":["post-30","page","type-page","status-publish","hentry","has-post-title","no-post-date","has-post-category","has-post-tag","has-post-comment","has-post-author",""],"_links":{"self":[{"href":"https:\/\/www.aux3petitsbouchons.be\/blog\/wp-json\/wp\/v2\/pages\/30","targetHints":{"allow":["GET"]}}],"collection":[{"href":"https:\/\/www.aux3petitsbouchons.be\/blog\/wp-json\/wp\/v2\/pages"}],"about":[{"href":"https:\/\/www.aux3petitsbouchons.be\/blog\/wp-json\/wp\/v2\/types\/page"}],"author":[{"embeddable":true,"href":"https:\/\/www.aux3petitsbouchons.be\/blog\/wp-json\/wp\/v2\/users\/1"}],"replies":[{"embeddable":true,"href":"https:\/\/www.aux3petitsbouchons.be\/blog\/wp-json\/wp\/v2\/comments?post=30"}],"version-history":[{"count":35,"href":"https:\/\/www.aux3petitsbouchons.be\/blog\/wp-json\/wp\/v2\/pages\/30\/revisions"}],"predecessor-version":[{"id":860,"href":"https:\/\/www.aux3petitsbouchons.be\/blog\/wp-json\/wp\/v2\/pages\/30\/revisions\/860"}],"wp:attachment":[{"href":"https:\/\/www.aux3petitsbouchons.be\/blog\/wp-json\/wp\/v2\/media?parent=30"}],"curies":[{"name":"wp","href":"https:\/\/api.w.org\/{rel}","templated":true}]}}